{"id":2,"date":"2023-09-14T20:40:34","date_gmt":"2023-09-14T18:40:34","guid":{"rendered":"http:\/\/aifyibn.cluster029.hosting.ovh.net\/?page_id=2"},"modified":"2023-10-02T20:50:02","modified_gmt":"2023-10-02T18:50:02","slug":"acceuil","status":"publish","type":"page","link":"https:\/\/www.ai-fyi.blog\/index.php\/acceuil\/","title":{"rendered":"Acceuil"},"content":{"rendered":"\n<div class=\"wp-block-group\"><div class=\"wp-block-group__inner-container is-layout-constrained wp-block-group-is-layout-constrained\">\n<div class=\"wp-block-group\"><div class=\"wp-block-group__inner-container is-layout-constrained wp-block-group-is-layout-constrained\">\n<div class=\"wp-block-group\"><div class=\"wp-block-group__inner-container is-layout-constrained wp-block-group-is-layout-constrained\"><ul class=\"wp-block-latest-posts__list has-dates wp-block-latest-posts\"><li><div class=\"wp-block-latest-posts__featured-image alignleft\"><img loading=\"lazy\" decoding=\"async\" width=\"150\" height=\"150\" src=\"https:\/\/www.ai-fyi.blog\/wp-content\/uploads\/2023\/10\/stephanie_colonizemars_a_photorealistic_french_professional_in__15927284-9c8e-4556-a57e-0114548cea5a-150x150.png\" class=\"attachment-thumbnail size-thumbnail wp-post-image\" alt=\"\" style=\"\" \/><\/div><a class=\"wp-block-latest-posts__post-title\" href=\"https:\/\/www.ai-fyi.blog\/index.php\/2023\/10\/05\/chat-gpt-comment-rediger-un-prompt\/\">Chat GPT : Comment r\u00e9diger un prompt ?<\/a><time datetime=\"2023-10-05T19:02:00+02:00\" class=\"wp-block-latest-posts__post-date\">5 octobre 2023<\/time><div class=\"wp-block-latest-posts__post-excerpt\">Cet article vise \u00e0 vous guider sur les fondamentaux de la r\u00e9daction d&rsquo;un \u00ab\u00a0prompt\u00a0\u00bb (instruction) efficace pour Chat GPT. Nous aborderons les aspects cruciaux d&rsquo;un&#8230;<div class=\"more-link-wrapper\"><a class=\"more-link\" href=\"https:\/\/www.ai-fyi.blog\/index.php\/2023\/10\/05\/chat-gpt-comment-rediger-un-prompt\/\">Lire la suite<span class=\"screen-reader-text\">Chat GPT : Comment r\u00e9diger un prompt ?<\/span><\/a><\/div><\/div><\/li>\n<li><div class=\"wp-block-latest-posts__featured-image alignleft\"><img loading=\"lazy\" decoding=\"async\" width=\"150\" height=\"150\" src=\"https:\/\/www.ai-fyi.blog\/wp-content\/uploads\/2023\/10\/pexels-mojahid-mottakin-16107930-150x150.jpg\" class=\"attachment-thumbnail size-thumbnail wp-post-image\" alt=\"\" style=\"\" \/><\/div><a class=\"wp-block-latest-posts__post-title\" href=\"https:\/\/www.ai-fyi.blog\/index.php\/2023\/10\/04\/chat-gpt-dopenai-linnovation-qui-a-reveille-linteret-pour-lia\/\">Chat GPT d&rsquo;OpenAI : L&rsquo;innovation qui a r\u00e9veill\u00e9 l&rsquo;int\u00e9r\u00eat pour l&rsquo;IA<\/a><time datetime=\"2023-10-04T19:08:20+02:00\" class=\"wp-block-latest-posts__post-date\">4 octobre 2023<\/time><div class=\"wp-block-latest-posts__post-excerpt\">Qu\u2019est-ce que Chat GPT ? Chat GPT, d\u00e9velopp\u00e9 par OpenAI, est une avanc\u00e9e majeure dans le monde de l&rsquo;intelligence artificielle et du traitement du langage&#8230;<div class=\"more-link-wrapper\"><a class=\"more-link\" href=\"https:\/\/www.ai-fyi.blog\/index.php\/2023\/10\/04\/chat-gpt-dopenai-linnovation-qui-a-reveille-linteret-pour-lia\/\">Lire la suite<span class=\"screen-reader-text\">Chat GPT d&rsquo;OpenAI : L&rsquo;innovation qui a r\u00e9veill\u00e9 l&rsquo;int\u00e9r\u00eat pour l&rsquo;IA<\/span><\/a><\/div><\/div><\/li>\n<li><div class=\"wp-block-latest-posts__featured-image alignleft\"><img loading=\"lazy\" decoding=\"async\" width=\"150\" height=\"150\" src=\"https:\/\/www.ai-fyi.blog\/wp-content\/uploads\/2023\/10\/stephanie_colonizemars_a_photorealistic_hand_touching_a_screen__c1307dca-eb32-4b9b-9a9d-094e1d797282-150x150.png\" class=\"attachment-thumbnail size-thumbnail wp-post-image\" alt=\"\" style=\"\" srcset=\"https:\/\/www.ai-fyi.blog\/wp-content\/uploads\/2023\/10\/stephanie_colonizemars_a_photorealistic_hand_touching_a_screen__c1307dca-eb32-4b9b-9a9d-094e1d797282-150x150.png 150w, https:\/\/www.ai-fyi.blog\/wp-content\/uploads\/2023\/10\/stephanie_colonizemars_a_photorealistic_hand_touching_a_screen__c1307dca-eb32-4b9b-9a9d-094e1d797282-300x300.png 300w, https:\/\/www.ai-fyi.blog\/wp-content\/uploads\/2023\/10\/stephanie_colonizemars_a_photorealistic_hand_touching_a_screen__c1307dca-eb32-4b9b-9a9d-094e1d797282-768x768.png 768w, https:\/\/www.ai-fyi.blog\/wp-content\/uploads\/2023\/10\/stephanie_colonizemars_a_photorealistic_hand_touching_a_screen__c1307dca-eb32-4b9b-9a9d-094e1d797282.png 1024w\" sizes=\"auto, (max-width: 150px) 100vw, 150px\" \/><\/div><a class=\"wp-block-latest-posts__post-title\" href=\"https:\/\/www.ai-fyi.blog\/index.php\/2023\/10\/03\/ia-faible-vs-ia-forte-quelles-sont-les-differences-essentielles\/\">IA Faible vs IA Forte: Quelles Sont les Diff\u00e9rences Essentielles?<\/a><time datetime=\"2023-10-03T13:08:30+02:00\" class=\"wp-block-latest-posts__post-date\">3 octobre 2023<\/time><div class=\"wp-block-latest-posts__post-excerpt\">L\u2019intelligence artificielle, un domaine dynamique et en perp\u00e9tuelle \u00e9volution, se pr\u00e9sente sous diverses formes et typologies, chacune destin\u00e9e \u00e0 des applications et domaines distincts. Les&#8230;<div class=\"more-link-wrapper\"><a class=\"more-link\" href=\"https:\/\/www.ai-fyi.blog\/index.php\/2023\/10\/03\/ia-faible-vs-ia-forte-quelles-sont-les-differences-essentielles\/\">Lire la suite<span class=\"screen-reader-text\">IA Faible vs IA Forte: Quelles Sont les Diff\u00e9rences Essentielles?<\/span><\/a><\/div><\/div><\/li>\n<li><div class=\"wp-block-latest-posts__featured-image alignleft\"><img loading=\"lazy\" decoding=\"async\" width=\"150\" height=\"150\" src=\"https:\/\/www.ai-fyi.blog\/wp-content\/uploads\/2023\/10\/stephanie_colonizemars_Photo_avec_une_qualite_de_DSLR_rendu_sem_dee5cb9f-68f0-4c5d-ab42-b4a76261927b-150x150.png\" class=\"attachment-thumbnail size-thumbnail wp-post-image\" alt=\"\" style=\"\" srcset=\"https:\/\/www.ai-fyi.blog\/wp-content\/uploads\/2023\/10\/stephanie_colonizemars_Photo_avec_une_qualite_de_DSLR_rendu_sem_dee5cb9f-68f0-4c5d-ab42-b4a76261927b-150x150.png 150w, https:\/\/www.ai-fyi.blog\/wp-content\/uploads\/2023\/10\/stephanie_colonizemars_Photo_avec_une_qualite_de_DSLR_rendu_sem_dee5cb9f-68f0-4c5d-ab42-b4a76261927b-300x300.png 300w, https:\/\/www.ai-fyi.blog\/wp-content\/uploads\/2023\/10\/stephanie_colonizemars_Photo_avec_une_qualite_de_DSLR_rendu_sem_dee5cb9f-68f0-4c5d-ab42-b4a76261927b-768x768.png 768w, https:\/\/www.ai-fyi.blog\/wp-content\/uploads\/2023\/10\/stephanie_colonizemars_Photo_avec_une_qualite_de_DSLR_rendu_sem_dee5cb9f-68f0-4c5d-ab42-b4a76261927b.png 1024w\" sizes=\"auto, (max-width: 150px) 100vw, 150px\" \/><\/div><a class=\"wp-block-latest-posts__post-title\" href=\"https:\/\/www.ai-fyi.blog\/index.php\/2023\/10\/02\/lintelligence-artificielle-de-quoi-sagit-il\/\">L&rsquo;intelligence artificielle : de quoi s&rsquo;agit-il ?<\/a><time datetime=\"2023-10-02T20:01:08+02:00\" class=\"wp-block-latest-posts__post-date\">2 octobre 2023<\/time><div class=\"wp-block-latest-posts__post-excerpt\">L\u2019Intelligence Artificielle, commun\u00e9ment nomm\u00e9e IA, est une branche fascinante de l\u2019informatique, ayant pour objectif la cr\u00e9ation de syst\u00e8mes capables d\u2019imiter l\u2019intelligence humaine. La conception de&#8230;<div class=\"more-link-wrapper\"><a class=\"more-link\" href=\"https:\/\/www.ai-fyi.blog\/index.php\/2023\/10\/02\/lintelligence-artificielle-de-quoi-sagit-il\/\">Lire la suite<span class=\"screen-reader-text\">L&rsquo;intelligence artificielle : de quoi s&rsquo;agit-il ?<\/span><\/a><\/div><\/div><\/li>\n<li><div class=\"wp-block-latest-posts__featured-image alignleft\"><img loading=\"lazy\" decoding=\"async\" width=\"150\" height=\"150\" src=\"https:\/\/www.ai-fyi.blog\/wp-content\/uploads\/2023\/10\/stephanie_colonizemars_a_human_and_a_robot_AI_shaking_hands_whi_ea51ce06-d63f-4d37-acb7-05c61218092d-150x150.png\" class=\"attachment-thumbnail size-thumbnail wp-post-image\" alt=\"\" style=\"\" srcset=\"https:\/\/www.ai-fyi.blog\/wp-content\/uploads\/2023\/10\/stephanie_colonizemars_a_human_and_a_robot_AI_shaking_hands_whi_ea51ce06-d63f-4d37-acb7-05c61218092d-150x150.png 150w, https:\/\/www.ai-fyi.blog\/wp-content\/uploads\/2023\/10\/stephanie_colonizemars_a_human_and_a_robot_AI_shaking_hands_whi_ea51ce06-d63f-4d37-acb7-05c61218092d-300x300.png 300w, https:\/\/www.ai-fyi.blog\/wp-content\/uploads\/2023\/10\/stephanie_colonizemars_a_human_and_a_robot_AI_shaking_hands_whi_ea51ce06-d63f-4d37-acb7-05c61218092d-768x768.png 768w, https:\/\/www.ai-fyi.blog\/wp-content\/uploads\/2023\/10\/stephanie_colonizemars_a_human_and_a_robot_AI_shaking_hands_whi_ea51ce06-d63f-4d37-acb7-05c61218092d.png 1024w\" sizes=\"auto, (max-width: 150px) 100vw, 150px\" \/><\/div><a class=\"wp-block-latest-posts__post-title\" href=\"https:\/\/www.ai-fyi.blog\/index.php\/2023\/10\/01\/mission-ai-fyi\/\">Forger l&rsquo;Avenir avec AI FYI : Notre Mission et Vos Possibilit\u00e9s<\/a><time datetime=\"2023-10-01T20:40:34+02:00\" class=\"wp-block-latest-posts__post-date\">1 octobre 2023<\/time><div class=\"wp-block-latest-posts__post-excerpt\">Le blog\u00a0AI Fyi\u00a0vous fournira des informations actualis\u00e9es et en fran\u00e7ais sur l\u2019\u00e9volution de l\u2019IA et vous aidera \u00e0 vous tenir au courant des derni\u00e8res avanc\u00e9es technologiques. Ses articles, tutoriels et ressources vous permettront de mettre \u00e0 jour vos comp\u00e9tences en mati\u00e8re d\u2019IA et de rester comp\u00e9titifs sur le march\u00e9 du travail.<div class=\"more-link-wrapper\"><a class=\"more-link\" href=\"https:\/\/www.ai-fyi.blog\/index.php\/2023\/10\/01\/mission-ai-fyi\/\">Lire la suite<span class=\"screen-reader-text\">Forger l&rsquo;Avenir avec AI FYI : Notre Mission et Vos Possibilit\u00e9s<\/span><\/a><\/div><\/div><\/li>\n<\/ul><\/div><\/div>\n<\/div><\/div>\n<\/div><\/div>\n","protected":false},"excerpt":{"rendered":"","protected":false},"author":1,"featured_media":0,"parent":0,"menu_order":0,"comment_status":"closed","ping_status":"open","template":"","meta":{"footnotes":""},"class_list":["post-2","page","type-page","status-publish","hentry","entry"],"yoast_head":"<!-- This site is optimized with the Yoast SEO plugin v27.4 - https:\/\/yoast.com\/product\/yoast-seo-wordpress\/ -->\n<title>Acceuil - AI Fyi<\/title>\n<meta name=\"robots\" content=\"index, follow, max-snippet:-1, max-image-preview:large, max-video-preview:-1\" \/>\n<link rel=\"canonical\" href=\"https:\/\/www.ai-fyi.blog\/index.php\/acceuil\/\" \/>\n<meta property=\"og:locale\" content=\"fr_FR\" \/>\n<meta property=\"og:type\" content=\"article\" \/>\n<meta property=\"og:title\" content=\"Acceuil - AI Fyi\" \/>\n<meta property=\"og:url\" content=\"https:\/\/www.ai-fyi.blog\/index.php\/acceuil\/\" \/>\n<meta property=\"og:site_name\" content=\"AI Fyi\" \/>\n<meta property=\"article:publisher\" content=\"https:\/\/www.facebook.com\/profile.php?id=61551924836524\" \/>\n<meta property=\"article:modified_time\" content=\"2023-10-02T18:50:02+00:00\" \/>\n<meta property=\"og:image\" content=\"https:\/\/www.ai-fyi.blog\/wp-content\/uploads\/2023\/10\/stephanie_colonizemars_a_human_and_a_robot_AI_shaking_hands_whi_ea51ce06-d63f-4d37-acb7-05c61218092d.png\" \/>\n\t<meta property=\"og:image:width\" content=\"1024\" \/>\n\t<meta property=\"og:image:height\" content=\"1024\" \/>\n\t<meta property=\"og:image:type\" content=\"image\/png\" \/>\n<meta name=\"twitter:card\" content=\"summary_large_image\" \/>\n<meta name=\"twitter:site\" content=\"@AI_Fyi_blog\" \/>\n<script type=\"application\/ld+json\" class=\"yoast-schema-graph\">{\"@context\":\"https:\\\/\\\/schema.org\",\"@graph\":[{\"@type\":[\"WebPage\",\"CollectionPage\"],\"@id\":\"https:\\\/\\\/www.ai-fyi.blog\\\/index.php\\\/acceuil\\\/\",\"url\":\"https:\\\/\\\/www.ai-fyi.blog\\\/index.php\\\/acceuil\\\/\",\"name\":\"Acceuil - AI Fyi\",\"isPartOf\":{\"@id\":\"https:\\\/\\\/www.ai-fyi.blog\\\/#website\"},\"datePublished\":\"2023-09-14T18:40:34+00:00\",\"dateModified\":\"2023-10-02T18:50:02+00:00\",\"breadcrumb\":{\"@id\":\"https:\\\/\\\/www.ai-fyi.blog\\\/index.php\\\/acceuil\\\/#breadcrumb\"},\"inLanguage\":\"fr-FR\"},{\"@type\":\"BreadcrumbList\",\"@id\":\"https:\\\/\\\/www.ai-fyi.blog\\\/index.php\\\/acceuil\\\/#breadcrumb\",\"itemListElement\":[{\"@type\":\"ListItem\",\"position\":1,\"name\":\"Accueil\",\"item\":\"https:\\\/\\\/www.ai-fyi.blog\\\/\"},{\"@type\":\"ListItem\",\"position\":2,\"name\":\"Acceuil\"}]},{\"@type\":\"WebSite\",\"@id\":\"https:\\\/\\\/www.ai-fyi.blog\\\/#website\",\"url\":\"https:\\\/\\\/www.ai-fyi.blog\\\/\",\"name\":\"AI Fyi\",\"description\":\"\",\"publisher\":{\"@id\":\"https:\\\/\\\/www.ai-fyi.blog\\\/#organization\"},\"potentialAction\":[{\"@type\":\"SearchAction\",\"target\":{\"@type\":\"EntryPoint\",\"urlTemplate\":\"https:\\\/\\\/www.ai-fyi.blog\\\/?s={search_term_string}\"},\"query-input\":{\"@type\":\"PropertyValueSpecification\",\"valueRequired\":true,\"valueName\":\"search_term_string\"}}],\"inLanguage\":\"fr-FR\"},{\"@type\":\"Organization\",\"@id\":\"https:\\\/\\\/www.ai-fyi.blog\\\/#organization\",\"name\":\"AI Fyi\",\"url\":\"https:\\\/\\\/www.ai-fyi.blog\\\/\",\"logo\":{\"@type\":\"ImageObject\",\"inLanguage\":\"fr-FR\",\"@id\":\"https:\\\/\\\/www.ai-fyi.blog\\\/#\\\/schema\\\/logo\\\/image\\\/\",\"url\":\"https:\\\/\\\/www.ai-fyi.blog\\\/wp-content\\\/uploads\\\/2023\\\/10\\\/logo_educational3-modified.png\",\"contentUrl\":\"https:\\\/\\\/www.ai-fyi.blog\\\/wp-content\\\/uploads\\\/2023\\\/10\\\/logo_educational3-modified.png\",\"width\":729,\"height\":729,\"caption\":\"AI Fyi\"},\"image\":{\"@id\":\"https:\\\/\\\/www.ai-fyi.blog\\\/#\\\/schema\\\/logo\\\/image\\\/\"},\"sameAs\":[\"https:\\\/\\\/www.facebook.com\\\/profile.php?id=61551924836524\",\"https:\\\/\\\/x.com\\\/AI_Fyi_blog\",\"https:\\\/\\\/www.youtube.com\\\/@AI_Fyi\"]}]}<\/script>\n<!-- \/ Yoast SEO plugin. -->","yoast_head_json":{"title":"Acceuil - AI Fyi","robots":{"index":"index","follow":"follow","max-snippet":"max-snippet:-1","max-image-preview":"max-image-preview:large","max-video-preview":"max-video-preview:-1"},"canonical":"https:\/\/www.ai-fyi.blog\/index.php\/acceuil\/","og_locale":"fr_FR","og_type":"article","og_title":"Acceuil - AI Fyi","og_url":"https:\/\/www.ai-fyi.blog\/index.php\/acceuil\/","og_site_name":"AI Fyi","article_publisher":"https:\/\/www.facebook.com\/profile.php?id=61551924836524","article_modified_time":"2023-10-02T18:50:02+00:00","og_image":[{"width":1024,"height":1024,"url":"https:\/\/www.ai-fyi.blog\/wp-content\/uploads\/2023\/10\/stephanie_colonizemars_a_human_and_a_robot_AI_shaking_hands_whi_ea51ce06-d63f-4d37-acb7-05c61218092d.png","type":"image\/png"}],"twitter_card":"summary_large_image","twitter_site":"@AI_Fyi_blog","schema":{"@context":"https:\/\/schema.org","@graph":[{"@type":["WebPage","CollectionPage"],"@id":"https:\/\/www.ai-fyi.blog\/index.php\/acceuil\/","url":"https:\/\/www.ai-fyi.blog\/index.php\/acceuil\/","name":"Acceuil - AI Fyi","isPartOf":{"@id":"https:\/\/www.ai-fyi.blog\/#website"},"datePublished":"2023-09-14T18:40:34+00:00","dateModified":"2023-10-02T18:50:02+00:00","breadcrumb":{"@id":"https:\/\/www.ai-fyi.blog\/index.php\/acceuil\/#breadcrumb"},"inLanguage":"fr-FR"},{"@type":"BreadcrumbList","@id":"https:\/\/www.ai-fyi.blog\/index.php\/acceuil\/#breadcrumb","itemListElement":[{"@type":"ListItem","position":1,"name":"Accueil","item":"https:\/\/www.ai-fyi.blog\/"},{"@type":"ListItem","position":2,"name":"Acceuil"}]},{"@type":"WebSite","@id":"https:\/\/www.ai-fyi.blog\/#website","url":"https:\/\/www.ai-fyi.blog\/","name":"AI Fyi","description":"","publisher":{"@id":"https:\/\/www.ai-fyi.blog\/#organization"},"potentialAction":[{"@type":"SearchAction","target":{"@type":"EntryPoint","urlTemplate":"https:\/\/www.ai-fyi.blog\/?s={search_term_string}"},"query-input":{"@type":"PropertyValueSpecification","valueRequired":true,"valueName":"search_term_string"}}],"inLanguage":"fr-FR"},{"@type":"Organization","@id":"https:\/\/www.ai-fyi.blog\/#organization","name":"AI Fyi","url":"https:\/\/www.ai-fyi.blog\/","logo":{"@type":"ImageObject","inLanguage":"fr-FR","@id":"https:\/\/www.ai-fyi.blog\/#\/schema\/logo\/image\/","url":"https:\/\/www.ai-fyi.blog\/wp-content\/uploads\/2023\/10\/logo_educational3-modified.png","contentUrl":"https:\/\/www.ai-fyi.blog\/wp-content\/uploads\/2023\/10\/logo_educational3-modified.png","width":729,"height":729,"caption":"AI Fyi"},"image":{"@id":"https:\/\/www.ai-fyi.blog\/#\/schema\/logo\/image\/"},"sameAs":["https:\/\/www.facebook.com\/profile.php?id=61551924836524","https:\/\/x.com\/AI_Fyi_blog","https:\/\/www.youtube.com\/@AI_Fyi"]}]}},"_links":{"self":[{"href":"https:\/\/www.ai-fyi.blog\/index.php\/wp-json\/wp\/v2\/pages\/2","targetHints":{"allow":["GET"]}}],"collection":[{"href":"https:\/\/www.ai-fyi.blog\/index.php\/wp-json\/wp\/v2\/pages"}],"about":[{"href":"https:\/\/www.ai-fyi.blog\/index.php\/wp-json\/wp\/v2\/types\/page"}],"author":[{"embeddable":true,"href":"https:\/\/www.ai-fyi.blog\/index.php\/wp-json\/wp\/v2\/users\/1"}],"replies":[{"embeddable":true,"href":"https:\/\/www.ai-fyi.blog\/index.php\/wp-json\/wp\/v2\/comments?post=2"}],"version-history":[{"count":3,"href":"https:\/\/www.ai-fyi.blog\/index.php\/wp-json\/wp\/v2\/pages\/2\/revisions"}],"predecessor-version":[{"id":53,"href":"https:\/\/www.ai-fyi.blog\/index.php\/wp-json\/wp\/v2\/pages\/2\/revisions\/53"}],"wp:attachment":[{"href":"https:\/\/www.ai-fyi.blog\/index.php\/wp-json\/wp\/v2\/media?parent=2"}],"curies":[{"name":"wp","href":"https:\/\/api.w.org\/{rel}","templated":true}]}}