{"id":24,"date":"2023-10-02T12:18:36","date_gmt":"2023-10-02T10:18:36","guid":{"rendered":"https:\/\/aifyibn.cluster029.hosting.ovh.net\/?page_id=24"},"modified":"2023-10-02T12:18:36","modified_gmt":"2023-10-02T10:18:36","slug":"glossaire","status":"publish","type":"page","link":"https:\/\/www.ai-fyi.blog\/index.php\/glossaire\/","title":{"rendered":"Glossaire"},"content":{"rendered":"\n<div class=\"wp-block-group\"><div class=\"wp-block-group__inner-container is-layout-constrained wp-block-group-is-layout-constrained\">\n<div class=\"wp-block-group\"><div class=\"wp-block-group__inner-container is-layout-constrained wp-block-group-is-layout-constrained\">\n<p><strong>Algorithmes <\/strong><\/p>\n\n\n\n<p>S\u00e9quences d&rsquo;instructions ou r\u00e8gles d\u00e9finies pour effectuer une t\u00e2che.<\/p>\n<\/div><\/div>\n\n\n\n<div class=\"wp-block-group\"><div class=\"wp-block-group__inner-container is-layout-constrained wp-block-group-is-layout-constrained\">\n<p><strong>Analyse Pr\u00e9dictive<\/strong> <\/p>\n\n\n\n<p>Utilisation de donn\u00e9es, algorithmes statistiques et techniques de machine learning pour identifier la probabilit\u00e9 de r\u00e9sultats futurs.<\/p>\n<\/div><\/div>\n\n\n\n<div class=\"wp-block-group\"><div class=\"wp-block-group__inner-container is-layout-constrained wp-block-group-is-layout-constrained\">\n<p><strong>Apprentissage automatique (Machine Learning)<\/strong><\/p>\n\n\n\n<p>Sous-domaine de l\u2019IA qui donne aux machines la capacit\u00e9 d\u2019apprendre \u00e0 partir de donn\u00e9es.<\/p>\n<\/div><\/div>\n\n\n\n<p><strong>Apprentissage profond (Deep Learning)<\/strong><\/p>\n\n\n\n<p>Technique d\u2019apprentissage automatique bas\u00e9e sur les r\u00e9seaux de neurones profonds.<\/p>\n<\/div><\/div>\n\n\n\n<div class=\"wp-block-group\"><div class=\"wp-block-group__inner-container is-layout-constrained wp-block-group-is-layout-constrained\">\n<p><strong>Automatisation Roboticis\u00e9e des Processus (RPA)<\/strong> <\/p>\n\n\n\n<p>Utilisation de \u00ab robots \u00bb logiciels pour automatiser les t\u00e2ches manuelles et r\u00e9p\u00e9titives.<\/p>\n<\/div><\/div>\n\n\n\n<div class=\"wp-block-group\"><div class=\"wp-block-group__inner-container is-layout-constrained wp-block-group-is-layout-constrained\">\n<p><strong>Biais Algorithmique <\/strong><\/p>\n\n\n\n<p>Biais syst\u00e9matique et injuste dans le fonctionnement des algorithmes.<\/p>\n<\/div><\/div>\n\n\n\n<div class=\"wp-block-group\"><div class=\"wp-block-group__inner-container is-layout-constrained wp-block-group-is-layout-constrained\">\n<p><strong>Big Data<\/strong><\/p>\n\n\n\n<p>Ensembles de donn\u00e9es tellement volumineux et complexes qu&rsquo;ils n\u00e9cessitent des outils sp\u00e9cialis\u00e9s pour leur traitement.<\/p>\n<\/div><\/div>\n\n\n\n<div class=\"wp-block-group\"><div class=\"wp-block-group__inner-container is-layout-constrained wp-block-group-is-layout-constrained\">\n<p><strong>Donn\u00e9es Structur\u00e9es\/Non Structur\u00e9es<\/strong><\/p>\n\n\n\n<p>Types de donn\u00e9es qui sont organis\u00e9es et non organis\u00e9es respectivement.<\/p>\n<\/div><\/div>\n\n\n\n<div class=\"wp-block-group\"><div class=\"wp-block-group__inner-container is-layout-constrained wp-block-group-is-layout-constrained\">\n<p><strong>\u00c9thique de l\u2019IA<\/strong> <\/p>\n\n\n\n<p>\u00c9tude des implications morales et \u00e9thiques de l\u2019utilisation de l\u2019intelligence artificielle.<\/p>\n<\/div><\/div>\n\n\n\n<div class=\"wp-block-group\"><div class=\"wp-block-group__inner-container is-layout-constrained wp-block-group-is-layout-constrained\">\n<p><strong>IA explicable (XAI)<\/strong><\/p>\n\n\n\n<p>Domaine qui vise \u00e0 rendre les mod\u00e8les d\u2019IA compr\u00e9hensibles et interpr\u00e9tables par les humains.<\/p>\n<\/div><\/div>\n\n\n\n<div class=\"wp-block-group\"><div class=\"wp-block-group__inner-container is-layout-constrained wp-block-group-is-layout-constrained\">\n<p><strong>Informatique Quantique<\/strong><\/p>\n\n\n\n<p>Technologie qui utilise les principes de la m\u00e9canique quantique pour traiter l&rsquo;information.<\/p>\n<\/div><\/div>\n\n\n\n<div class=\"wp-block-group\"><div class=\"wp-block-group__inner-container is-layout-constrained wp-block-group-is-layout-constrained\">\n<p><strong>Ing\u00e9nierie des Donn\u00e9es (Data Engineering)<\/strong><\/p>\n\n\n\n<p>Aspect de l&rsquo;informatique concern\u00e9 par la conception et l&rsquo;architecture pratique des donn\u00e9es.<\/p>\n<\/div><\/div>\n\n\n\n<div class=\"wp-block-group\"><div class=\"wp-block-group__inner-container is-layout-constrained wp-block-group-is-layout-constrained\">\n<p><strong>Intelligence Artificielle (IA) <\/strong>:<\/p>\n\n\n\n<p>Disciplines qui cherchent \u00e0 cr\u00e9er des machines capables de simuler l\u2019intelligence humaine.<\/p>\n<\/div><\/div>\n\n\n\n<div class=\"wp-block-group\"><div class=\"wp-block-group__inner-container is-layout-constrained wp-block-group-is-layout-constrained\">\n<p><strong>R\u00e9alit\u00e9 Virtuelle\/Augment\u00e9e (VR\/AR)<\/strong><\/p>\n\n\n\n<p>Technologies qui cr\u00e9ent des environnements immersifs ou qui superposent des informations num\u00e9riques sur le monde r\u00e9el.<\/p>\n<\/div><\/div>\n\n\n\n<div class=\"wp-block-group\"><div class=\"wp-block-group__inner-container is-layout-constrained wp-block-group-is-layout-constrained\">\n<p><strong>R\u00e9seau de Neurones<\/strong><\/p>\n\n\n\n<p>Mod\u00e8le computationnel inspir\u00e9 par la fa\u00e7on dont les neurones biologiques fonctionnent.<\/p>\n<\/div><\/div>\n\n\n\n<div class=\"wp-block-group\"><div class=\"wp-block-group__inner-container is-layout-constrained wp-block-group-is-layout-constrained\">\n<p><strong>Robotique<\/strong><\/p>\n\n\n\n<p>Domaine de la technologie qui s\u2019occupe de la conception, de la construction, de l&rsquo;exploitation et de l&rsquo;application des robots.<\/p>\n\n\n\n<div class=\"wp-block-group\"><div class=\"wp-block-group__inner-container is-layout-constrained wp-block-group-is-layout-constrained\">\n<p><strong>Syst\u00e8mes Experts<\/strong><\/p>\n\n\n\n<p>Syst\u00e8mes informatiques qui imitent la capacit\u00e9 de prise de d\u00e9cision d&rsquo;un expert humain dans un domaine particulier.<\/p>\n<\/div><\/div>\n<\/div><\/div>\n\n\n\n<div class=\"wp-block-group\"><div class=\"wp-block-group__inner-container is-layout-constrained wp-block-group-is-layout-constrained\">\n<p><strong>Traitement Naturel du Langage (NLP)<\/strong><\/p>\n\n\n\n<p>Sous-domaine de l\u2019IA qui se concentre sur l&rsquo;interaction entre les ordinateurs et le langage humain.<\/p>\n<\/div><\/div>\n\n\n\n<div class=\"wp-block-group\"><div class=\"wp-block-group__inner-container is-layout-constrained wp-block-group-is-layout-constrained\">\n<p><strong>Vision par Ordinateur (Computer Vision)<\/strong><\/p>\n\n\n\n<p>Domaine permettant aux machines de comprendre et d&rsquo;interpr\u00e9ter le monde visuel.<\/p>\n<\/div><\/div>\n\n\n\n<div class=\"wp-block-group\"><div class=\"wp-block-group__inner-container is-layout-constrained wp-block-group-is-layout-constrained\"><\/div><\/div>\n\n\n\n<div class=\"wp-block-group\"><div class=\"wp-block-group__inner-container is-layout-constrained wp-block-group-is-layout-constrained\"><\/div><\/div>\n","protected":false},"excerpt":{"rendered":"<p>Algorithmes S\u00e9quences d&rsquo;instructions ou r\u00e8gles d\u00e9finies pour effectuer une t\u00e2che. Analyse Pr\u00e9dictive Utilisation de donn\u00e9es, algorithmes statistiques et techniques de machine learning pour identifier la&#8230;<\/p>\n<div class=\"more-link-wrapper\"><a class=\"more-link\" href=\"https:\/\/www.ai-fyi.blog\/index.php\/glossaire\/\">Lire la suite<span class=\"screen-reader-text\">Glossaire<\/span><\/a><\/div>\n","protected":false},"author":1,"featured_media":0,"parent":0,"menu_order":0,"comment_status":"closed","ping_status":"closed","template":"","meta":{"footnotes":""},"class_list":["post-24","page","type-page","status-publish","hentry","entry"],"yoast_head":"<!-- This site is optimized with the Yoast SEO plugin v27.4 - https:\/\/yoast.com\/product\/yoast-seo-wordpress\/ -->\n<title>Glossaire - AI Fyi<\/title>\n<meta name=\"robots\" content=\"index, follow, max-snippet:-1, max-image-preview:large, max-video-preview:-1\" \/>\n<link rel=\"canonical\" href=\"https:\/\/www.ai-fyi.blog\/index.php\/glossaire\/\" \/>\n<meta property=\"og:locale\" content=\"fr_FR\" \/>\n<meta property=\"og:type\" content=\"article\" \/>\n<meta property=\"og:title\" content=\"Glossaire - AI Fyi\" \/>\n<meta property=\"og:description\" content=\"Algorithmes S\u00e9quences d&rsquo;instructions ou r\u00e8gles d\u00e9finies pour effectuer une t\u00e2che. Analyse Pr\u00e9dictive Utilisation de donn\u00e9es, algorithmes statistiques et techniques de machine learning pour identifier la&#8230;\" \/>\n<meta property=\"og:url\" content=\"https:\/\/www.ai-fyi.blog\/index.php\/glossaire\/\" \/>\n<meta property=\"og:site_name\" content=\"AI Fyi\" \/>\n<meta property=\"article:publisher\" content=\"https:\/\/www.facebook.com\/profile.php?id=61551924836524\" \/>\n<meta property=\"og:image\" content=\"https:\/\/www.ai-fyi.blog\/wp-content\/uploads\/2023\/10\/stephanie_colonizemars_a_human_and_a_robot_AI_shaking_hands_whi_ea51ce06-d63f-4d37-acb7-05c61218092d.png\" \/>\n\t<meta property=\"og:image:width\" content=\"1024\" \/>\n\t<meta property=\"og:image:height\" content=\"1024\" \/>\n\t<meta property=\"og:image:type\" content=\"image\/png\" \/>\n<meta name=\"twitter:card\" content=\"summary_large_image\" \/>\n<meta name=\"twitter:site\" content=\"@AI_Fyi_blog\" \/>\n<meta name=\"twitter:label1\" content=\"Dur\u00e9e de lecture estim\u00e9e\" \/>\n\t<meta name=\"twitter:data1\" content=\"2 minutes\" \/>\n<script type=\"application\/ld+json\" class=\"yoast-schema-graph\">{\"@context\":\"https:\\\/\\\/schema.org\",\"@graph\":[{\"@type\":\"WebPage\",\"@id\":\"https:\\\/\\\/www.ai-fyi.blog\\\/index.php\\\/glossaire\\\/\",\"url\":\"https:\\\/\\\/www.ai-fyi.blog\\\/index.php\\\/glossaire\\\/\",\"name\":\"Glossaire - AI Fyi\",\"isPartOf\":{\"@id\":\"https:\\\/\\\/www.ai-fyi.blog\\\/#website\"},\"datePublished\":\"2023-10-02T10:18:36+00:00\",\"breadcrumb\":{\"@id\":\"https:\\\/\\\/www.ai-fyi.blog\\\/index.php\\\/glossaire\\\/#breadcrumb\"},\"inLanguage\":\"fr-FR\",\"potentialAction\":[{\"@type\":\"ReadAction\",\"target\":[\"https:\\\/\\\/www.ai-fyi.blog\\\/index.php\\\/glossaire\\\/\"]}]},{\"@type\":\"BreadcrumbList\",\"@id\":\"https:\\\/\\\/www.ai-fyi.blog\\\/index.php\\\/glossaire\\\/#breadcrumb\",\"itemListElement\":[{\"@type\":\"ListItem\",\"position\":1,\"name\":\"Accueil\",\"item\":\"https:\\\/\\\/www.ai-fyi.blog\\\/\"},{\"@type\":\"ListItem\",\"position\":2,\"name\":\"Glossaire\"}]},{\"@type\":\"WebSite\",\"@id\":\"https:\\\/\\\/www.ai-fyi.blog\\\/#website\",\"url\":\"https:\\\/\\\/www.ai-fyi.blog\\\/\",\"name\":\"AI Fyi\",\"description\":\"\",\"publisher\":{\"@id\":\"https:\\\/\\\/www.ai-fyi.blog\\\/#organization\"},\"potentialAction\":[{\"@type\":\"SearchAction\",\"target\":{\"@type\":\"EntryPoint\",\"urlTemplate\":\"https:\\\/\\\/www.ai-fyi.blog\\\/?s={search_term_string}\"},\"query-input\":{\"@type\":\"PropertyValueSpecification\",\"valueRequired\":true,\"valueName\":\"search_term_string\"}}],\"inLanguage\":\"fr-FR\"},{\"@type\":\"Organization\",\"@id\":\"https:\\\/\\\/www.ai-fyi.blog\\\/#organization\",\"name\":\"AI Fyi\",\"url\":\"https:\\\/\\\/www.ai-fyi.blog\\\/\",\"logo\":{\"@type\":\"ImageObject\",\"inLanguage\":\"fr-FR\",\"@id\":\"https:\\\/\\\/www.ai-fyi.blog\\\/#\\\/schema\\\/logo\\\/image\\\/\",\"url\":\"https:\\\/\\\/www.ai-fyi.blog\\\/wp-content\\\/uploads\\\/2023\\\/10\\\/logo_educational3-modified.png\",\"contentUrl\":\"https:\\\/\\\/www.ai-fyi.blog\\\/wp-content\\\/uploads\\\/2023\\\/10\\\/logo_educational3-modified.png\",\"width\":729,\"height\":729,\"caption\":\"AI Fyi\"},\"image\":{\"@id\":\"https:\\\/\\\/www.ai-fyi.blog\\\/#\\\/schema\\\/logo\\\/image\\\/\"},\"sameAs\":[\"https:\\\/\\\/www.facebook.com\\\/profile.php?id=61551924836524\",\"https:\\\/\\\/x.com\\\/AI_Fyi_blog\",\"https:\\\/\\\/www.youtube.com\\\/@AI_Fyi\"]}]}<\/script>\n<!-- \/ Yoast SEO plugin. -->","yoast_head_json":{"title":"Glossaire - AI Fyi","robots":{"index":"index","follow":"follow","max-snippet":"max-snippet:-1","max-image-preview":"max-image-preview:large","max-video-preview":"max-video-preview:-1"},"canonical":"https:\/\/www.ai-fyi.blog\/index.php\/glossaire\/","og_locale":"fr_FR","og_type":"article","og_title":"Glossaire - AI Fyi","og_description":"Algorithmes S\u00e9quences d&rsquo;instructions ou r\u00e8gles d\u00e9finies pour effectuer une t\u00e2che. Analyse Pr\u00e9dictive Utilisation de donn\u00e9es, algorithmes statistiques et techniques de machine learning pour identifier la&#8230;","og_url":"https:\/\/www.ai-fyi.blog\/index.php\/glossaire\/","og_site_name":"AI Fyi","article_publisher":"https:\/\/www.facebook.com\/profile.php?id=61551924836524","og_image":[{"width":1024,"height":1024,"url":"https:\/\/www.ai-fyi.blog\/wp-content\/uploads\/2023\/10\/stephanie_colonizemars_a_human_and_a_robot_AI_shaking_hands_whi_ea51ce06-d63f-4d37-acb7-05c61218092d.png","type":"image\/png"}],"twitter_card":"summary_large_image","twitter_site":"@AI_Fyi_blog","twitter_misc":{"Dur\u00e9e de lecture estim\u00e9e":"2 minutes"},"schema":{"@context":"https:\/\/schema.org","@graph":[{"@type":"WebPage","@id":"https:\/\/www.ai-fyi.blog\/index.php\/glossaire\/","url":"https:\/\/www.ai-fyi.blog\/index.php\/glossaire\/","name":"Glossaire - AI Fyi","isPartOf":{"@id":"https:\/\/www.ai-fyi.blog\/#website"},"datePublished":"2023-10-02T10:18:36+00:00","breadcrumb":{"@id":"https:\/\/www.ai-fyi.blog\/index.php\/glossaire\/#breadcrumb"},"inLanguage":"fr-FR","potentialAction":[{"@type":"ReadAction","target":["https:\/\/www.ai-fyi.blog\/index.php\/glossaire\/"]}]},{"@type":"BreadcrumbList","@id":"https:\/\/www.ai-fyi.blog\/index.php\/glossaire\/#breadcrumb","itemListElement":[{"@type":"ListItem","position":1,"name":"Accueil","item":"https:\/\/www.ai-fyi.blog\/"},{"@type":"ListItem","position":2,"name":"Glossaire"}]},{"@type":"WebSite","@id":"https:\/\/www.ai-fyi.blog\/#website","url":"https:\/\/www.ai-fyi.blog\/","name":"AI Fyi","description":"","publisher":{"@id":"https:\/\/www.ai-fyi.blog\/#organization"},"potentialAction":[{"@type":"SearchAction","target":{"@type":"EntryPoint","urlTemplate":"https:\/\/www.ai-fyi.blog\/?s={search_term_string}"},"query-input":{"@type":"PropertyValueSpecification","valueRequired":true,"valueName":"search_term_string"}}],"inLanguage":"fr-FR"},{"@type":"Organization","@id":"https:\/\/www.ai-fyi.blog\/#organization","name":"AI Fyi","url":"https:\/\/www.ai-fyi.blog\/","logo":{"@type":"ImageObject","inLanguage":"fr-FR","@id":"https:\/\/www.ai-fyi.blog\/#\/schema\/logo\/image\/","url":"https:\/\/www.ai-fyi.blog\/wp-content\/uploads\/2023\/10\/logo_educational3-modified.png","contentUrl":"https:\/\/www.ai-fyi.blog\/wp-content\/uploads\/2023\/10\/logo_educational3-modified.png","width":729,"height":729,"caption":"AI Fyi"},"image":{"@id":"https:\/\/www.ai-fyi.blog\/#\/schema\/logo\/image\/"},"sameAs":["https:\/\/www.facebook.com\/profile.php?id=61551924836524","https:\/\/x.com\/AI_Fyi_blog","https:\/\/www.youtube.com\/@AI_Fyi"]}]}},"_links":{"self":[{"href":"https:\/\/www.ai-fyi.blog\/index.php\/wp-json\/wp\/v2\/pages\/24","targetHints":{"allow":["GET"]}}],"collection":[{"href":"https:\/\/www.ai-fyi.blog\/index.php\/wp-json\/wp\/v2\/pages"}],"about":[{"href":"https:\/\/www.ai-fyi.blog\/index.php\/wp-json\/wp\/v2\/types\/page"}],"author":[{"embeddable":true,"href":"https:\/\/www.ai-fyi.blog\/index.php\/wp-json\/wp\/v2\/users\/1"}],"replies":[{"embeddable":true,"href":"https:\/\/www.ai-fyi.blog\/index.php\/wp-json\/wp\/v2\/comments?post=24"}],"version-history":[{"count":2,"href":"https:\/\/www.ai-fyi.blog\/index.php\/wp-json\/wp\/v2\/pages\/24\/revisions"}],"predecessor-version":[{"id":26,"href":"https:\/\/www.ai-fyi.blog\/index.php\/wp-json\/wp\/v2\/pages\/24\/revisions\/26"}],"wp:attachment":[{"href":"https:\/\/www.ai-fyi.blog\/index.php\/wp-json\/wp\/v2\/media?parent=24"}],"curies":[{"name":"wp","href":"https:\/\/api.w.org\/{rel}","templated":true}]}}